{"id":230,"date":"2019-07-15T19:47:40","date_gmt":"2019-07-15T19:47:40","guid":{"rendered":"https:\/\/bambus-mosaikfliesen.de\/?page_id=230"},"modified":"2019-09-26T14:06:56","modified_gmt":"2019-09-26T14:06:56","slug":"impressum","status":"publish","type":"page","link":"https:\/\/bambus-mosaikfliesen.de\/?page_id=230","title":{"rendered":"Impressum"},"content":{"rendered":"\t\t<div data-elementor-type=\"wp-post\" data-elementor-id=\"230\" class=\"elementor elementor-230\" data-elementor-post-type=\"page\">\n\t\t\t\t\t\t<section class=\"elementor-section elementor-top-section elementor-element elementor-element-ae0e27a elementor-section-full_width elementor-section-height-default elementor-section-height-default\" data-id=\"ae0e27a\" data-element_type=\"section\" data-e-type=\"section\">\n\t\t\t\t\t\t<div class=\"elementor-container elementor-column-gap-default\">\n\t\t\t\t\t<div class=\"elementor-column elementor-col-100 elementor-top-column elementor-element elementor-element-8083522\" data-id=\"8083522\" data-element_type=\"column\" data-e-type=\"column\">\n\t\t\t<div class=\"elementor-widget-wrap elementor-element-populated\">\n\t\t\t\t\t\t<div class=\"elementor-element elementor-element-0158e28 elementor-widget elementor-widget-text-editor\" data-id=\"0158e28\" data-element_type=\"widget\" data-e-type=\"widget\" data-widget_type=\"text-editor.default\">\n\t\t\t\t<div class=\"elementor-widget-container\">\n\t\t\t\t\t\t\t\t\t<div class=\"entry-content\"><div id=\"pl-64\" class=\"panel-layout\"><div id=\"pg-64-0\" class=\"panel-grid panel-no-style\"><div id=\"pgc-64-0-0\" class=\"panel-grid-cell\"><div id=\"panel-64-0-0-0\" class=\"so-panel widget widget_sow-editor panel-first-child panel-last-child\" data-index=\"0\"><div class=\"so-widget-sow-editor so-widget-sow-editor-base\"><div class=\"siteorigin-widget-tinymce textwidget\"><h2>Impressum:<\/h2><h2>Angaben gem\u00e4\u00df \u00a7 5 TMG:<\/h2><p>Rita Sibbe<br \/>Stein-mosaik.de<br \/>Karl-Friedrich-Friesen-Str. 13<br \/>44625 Herne<\/p><h2>Kontakt:<\/h2><p>Telefon: 02323-944425<br \/>Telefax: 02323-944428<br \/>E-Mail: info@stein-mosaik.de<\/p><p><b>Verkauf, Abholung und Besichtigung: 44628 Herne &#8211; Gewerkenstr.11 &#8211; <\/b><br \/><b><strong><small>Mo. &#8211; Sa. von 10 &#8211; 13 Uhr <\/small><\/strong><\/b><\/p><h2>Umsatzsteuer:<\/h2><p>Umsatzsteuer-Identifikationsnummer gem\u00e4\u00df \u00a727 a Umsatzsteuergesetz:<br \/>DE812817052<\/p><h2>Streitschlichtung<\/h2><p>Die Europ\u00e4ische Kommission stellt eine Plattform zur Online-Streitbeilegung (OS) bereit: <a href=\"https:\/\/ec.europa.eu\/consumers\/odr\" target=\"_blank\" rel=\"noopener\">https:\/\/ec.europa.eu\/consumers\/odr<\/a>.<br \/>Unsere E-Mail-Adresse finden Sie oben im Impressum.<\/p><p>Wir sind nicht bereit oder verpflichtet, an Streitbeilegungsverfahren vor einer Verbraucherschlichtungsstelle teilzunehmen.<\/p><h3>Haftung f\u00fcr Inhalte<\/h3><p>Als Diensteanbieter sind wir gem\u00e4\u00df \u00a7 7 Abs.1 TMG f\u00fcr eigene Inhalte auf diesen Seiten nach den allgemeinen Gesetzen verantwortlich. Nach \u00a7\u00a7 8 bis 10 TMG sind wir als Diensteanbieter jedoch nicht verpflichtet, \u00fcbermittelte oder gespeicherte fremde Informationen zu \u00fcberwachen oder nach Umst\u00e4nden zu forschen, die auf eine rechtswidrige T\u00e4tigkeit hinweisen.<\/p><p>Verpflichtungen zur Entfernung oder Sperrung der Nutzung von Informationen nach den allgemeinen Gesetzen bleiben hiervon unber\u00fchrt. Eine diesbez\u00fcgliche Haftung ist jedoch erst ab dem Zeitpunkt der Kenntnis einer konkreten Rechtsverletzung m\u00f6glich. Bei Bekanntwerden von entsprechenden Rechtsverletzungen werden wir diese Inhalte umgehend entfernen.<\/p><h3>Haftung f\u00fcr Links<\/h3><p>Unser Angebot enth\u00e4lt Links zu externen Websites Dritter, auf deren Inhalte wir keinen Einfluss haben. Deshalb k\u00f6nnen wir f\u00fcr diese fremden Inhalte auch keine Gew\u00e4hr \u00fcbernehmen. F\u00fcr die Inhalte der verlinkten Seiten ist stets der jeweilige Anbieter oder Betreiber der Seiten verantwortlich. Die verlinkten Seiten wurden zum Zeitpunkt der Verlinkung auf m\u00f6gliche Rechtsverst\u00f6\u00dfe \u00fcberpr\u00fcft. Rechtswidrige Inhalte waren zum Zeitpunkt der Verlinkung nicht erkennbar.<\/p><p>Eine permanente inhaltliche Kontrolle der verlinkten Seiten ist jedoch ohne konkrete Anhaltspunkte einer Rechtsverletzung nicht zumutbar. Bei Bekanntwerden von Rechtsverletzungen werden wir derartige Links umgehend entfernen.<\/p><h3>Urheberrecht<\/h3><p>Die durch die Seitenbetreiber erstellten Inhalte und Werke auf diesen Seiten unterliegen dem deutschen Urheberrecht. Die Vervielf\u00e4ltigung, Bearbeitung, Verbreitung und jede Art der Verwertung au\u00dferhalb der Grenzen des Urheberrechtes bed\u00fcrfen der schriftlichen Zustimmung des jeweiligen Autors bzw. Erstellers. Downloads und Kopien dieser Seite sind nur f\u00fcr den privaten, nicht kommerziellen Gebrauch gestattet.<\/p><p>Soweit die Inhalte auf dieser Seite nicht vom Betreiber erstellt wurden, werden die Urheberrechte Dritter beachtet. Insbesondere werden Inhalte Dritter als solche gekennzeichnet. Sollten Sie trotzdem auf eine Urheberrechtsverletzung aufmerksam werden, bitten wir um einen entsprechenden Hinweis. Bei Bekanntwerden von Rechtsverletzungen werden wir derartige Inhalte umgehend entfernen.<\/p><\/div><\/div><\/div><\/div><\/div><\/div><\/div>\t\t\t\t\t\t\t\t<\/div>\n\t\t\t\t<\/div>\n\t\t\t\t\t<\/div>\n\t\t<\/div>\n\t\t\t\t\t<\/div>\n\t\t<\/section>\n\t\t\t\t<section class=\"elementor-section elementor-top-section elementor-element elementor-element-72089f8 elementor-section-stretched elementor-section-full_width elementor-section-height-default elementor-section-height-default\" data-id=\"72089f8\" data-element_type=\"section\" data-e-type=\"section\" data-settings=\"{&quot;stretch_section&quot;:&quot;section-stretched&quot;}\">\n\t\t\t\t\t\t<div class=\"elementor-container elementor-column-gap-default\">\n\t\t\t\t\t<div class=\"elementor-column elementor-col-100 elementor-top-column elementor-element elementor-element-202b31ac\" data-id=\"202b31ac\" data-element_type=\"column\" data-e-type=\"column\">\n\t\t\t<div class=\"elementor-widget-wrap elementor-element-populated\">\n\t\t\t\t\t\t<div class=\"elementor-element elementor-element-7152e204 elementor-widget elementor-widget-text-editor\" data-id=\"7152e204\" data-element_type=\"widget\" data-e-type=\"widget\" data-widget_type=\"text-editor.default\">\n\t\t\t\t<div class=\"elementor-widget-container\">\n\t\t\t\t\t\t\t\t\t<p><a href=\"https:\/\/Stein-mosaik.de\" target=\"_blank\" rel=\"noopener\">Stein-mosaik.de<\/a> &#8211; Mosaikfliesen g\u00fcnstig online kaufen in Berlin Hamburg M\u00fcnchen Stuttgart Frankfurt Mainz Hannover Leipzig Erfurt Kiel Bielefeld Paderborn M\u00fcnster M\u00f6nchengladbach Wesel Xanten Emmerich Viersen Essen Dortmund Bochum Recklinghausen Marl Coesfeld D\u00fclmen Haltern Datteln Castrop-Rauxel M\u00fclheim Gelsenkirchen Gladbeck Hattingen D\u00fcsseldorf K\u00f6ln Bonn Koblenz Leverkusen Hamm Unna L\u00fcnen Kamen Wuppertal Remscheid Duisburg Soest Werl Moers Oberhausen Neuss Krefeld Haan Ratingen Solingen Brilon Telgte Wickede Dorsten Herten Hagen Siegen Olpe Aachen Z\u00fclpich Kerpen Opladen L\u00fcdenscheid Sundern Gevelsberg H\u00fcrth Witten Kettwig Olsberg B\u00fcren Lippstadt Oelde Bocholt Bottrop Heiden Kleve J\u00fclich H\u00fcckelhoven Wetter Borken Gescher Ochtrup Goch Nordkirchen Marmor Bruchstein Naturstein Bad Mosaik Fliesen Lager-Verkauf Herne NRW<\/p>\t\t\t\t\t\t\t\t<\/div>\n\t\t\t\t<\/div>\n\t\t\t\t\t<\/div>\n\t\t<\/div>\n\t\t\t\t\t<\/div>\n\t\t<\/section>\n\t\t\t\t<\/div>\n\t\t","protected":false},"excerpt":{"rendered":"<p>Impressum: Angaben gem\u00e4\u00df \u00a7 5 TMG: Rita SibbeStein-mosaik.deKarl-Friedrich-Friesen-Str. 1344625 Herne Kontakt: Telefon: 02323-944425Telefax: 02323-944428E-Mail: info@stein-mosaik.de Verkauf, Abholung und Besichtigung: 44628 Herne &#8211; Gewerkenstr.11 &#8211; Mo. &#8211; Sa. von 10 &#8211; 13 Uhr Umsatzsteuer: Umsatzsteuer-Identifikationsnummer gem\u00e4\u00df \u00a727 a Umsatzsteuergesetz:DE812817052 Streitschlichtung Die Europ\u00e4ische Kommission stellt eine Plattform zur Online-Streitbeilegung (OS) bereit: https:\/\/ec.europa.eu\/consumers\/odr.Unsere E-Mail-Adresse finden Sie oben im [&hellip;]<\/p>\n","protected":false},"author":1,"featured_media":0,"parent":0,"menu_order":0,"comment_status":"closed","ping_status":"closed","template":"elementor_header_footer","meta":{"footnotes":""},"class_list":["post-230","page","type-page","status-publish","hentry"],"yoast_head":"<!-- This site is optimized with the Yoast SEO plugin v27.3 - https:\/\/yoast.com\/product\/yoast-seo-wordpress\/ -->\n<title>Impressum - bambus-mosaikfliesen.de<\/title>\n<meta name=\"robots\" content=\"index, follow, max-snippet:-1, max-image-preview:large, max-video-preview:-1\" \/>\n<link rel=\"canonical\" href=\"https:\/\/bambus-mosaikfliesen.de\/?page_id=230\" \/>\n<meta property=\"og:locale\" content=\"de_DE\" \/>\n<meta property=\"og:type\" content=\"article\" \/>\n<meta property=\"og:title\" content=\"Impressum - bambus-mosaikfliesen.de\" \/>\n<meta property=\"og:description\" content=\"Impressum: Angaben gem\u00e4\u00df \u00a7 5 TMG: Rita SibbeStein-mosaik.deKarl-Friedrich-Friesen-Str. 1344625 Herne Kontakt: Telefon: 02323-944425Telefax: 02323-944428E-Mail: info@stein-mosaik.de Verkauf, Abholung und Besichtigung: 44628 Herne &#8211; Gewerkenstr.11 &#8211; Mo. &#8211; Sa. von 10 &#8211; 13 Uhr Umsatzsteuer: Umsatzsteuer-Identifikationsnummer gem\u00e4\u00df \u00a727 a Umsatzsteuergesetz:DE812817052 Streitschlichtung Die Europ\u00e4ische Kommission stellt eine Plattform zur Online-Streitbeilegung (OS) bereit: https:\/\/ec.europa.eu\/consumers\/odr.Unsere E-Mail-Adresse finden Sie oben im [&hellip;]\" \/>\n<meta property=\"og:url\" content=\"https:\/\/bambus-mosaikfliesen.de\/?page_id=230\" \/>\n<meta property=\"og:site_name\" content=\"bambus-mosaikfliesen.de\" \/>\n<meta property=\"article:modified_time\" content=\"2019-09-26T14:06:56+00:00\" \/>\n<meta name=\"twitter:card\" content=\"summary_large_image\" \/>\n<meta name=\"twitter:label1\" content=\"Gesch\u00e4tzte Lesezeit\" \/>\n\t<meta name=\"twitter:data1\" content=\"2\u00a0Minuten\" \/>\n<script type=\"application\/ld+json\" class=\"yoast-schema-graph\">{\"@context\":\"https:\\\/\\\/schema.org\",\"@graph\":[{\"@type\":\"WebPage\",\"@id\":\"https:\\\/\\\/bambus-mosaikfliesen.de\\\/?page_id=230\",\"url\":\"https:\\\/\\\/bambus-mosaikfliesen.de\\\/?page_id=230\",\"name\":\"Impressum - bambus-mosaikfliesen.de\",\"isPartOf\":{\"@id\":\"https:\\\/\\\/bambus-mosaikfliesen.de\\\/#website\"},\"datePublished\":\"2019-07-15T19:47:40+00:00\",\"dateModified\":\"2019-09-26T14:06:56+00:00\",\"breadcrumb\":{\"@id\":\"https:\\\/\\\/bambus-mosaikfliesen.de\\\/?page_id=230#breadcrumb\"},\"inLanguage\":\"de\",\"potentialAction\":[{\"@type\":\"ReadAction\",\"target\":[\"https:\\\/\\\/bambus-mosaikfliesen.de\\\/?page_id=230\"]}]},{\"@type\":\"BreadcrumbList\",\"@id\":\"https:\\\/\\\/bambus-mosaikfliesen.de\\\/?page_id=230#breadcrumb\",\"itemListElement\":[{\"@type\":\"ListItem\",\"position\":1,\"name\":\"Home\",\"item\":\"https:\\\/\\\/bambus-mosaikfliesen.de\\\/\"},{\"@type\":\"ListItem\",\"position\":2,\"name\":\"Impressum\"}]},{\"@type\":\"WebSite\",\"@id\":\"https:\\\/\\\/bambus-mosaikfliesen.de\\\/#website\",\"url\":\"https:\\\/\\\/bambus-mosaikfliesen.de\\\/\",\"name\":\"bambus-mosaikfliesen.de\",\"description\":\"Bambus Mosaikfliesen Wand-Design Verblender\",\"potentialAction\":[{\"@type\":\"SearchAction\",\"target\":{\"@type\":\"EntryPoint\",\"urlTemplate\":\"https:\\\/\\\/bambus-mosaikfliesen.de\\\/?s={search_term_string}\"},\"query-input\":{\"@type\":\"PropertyValueSpecification\",\"valueRequired\":true,\"valueName\":\"search_term_string\"}}],\"inLanguage\":\"de\"}]}<\/script>\n<!-- \/ Yoast SEO plugin. -->","yoast_head_json":{"title":"Impressum - bambus-mosaikfliesen.de","robots":{"index":"index","follow":"follow","max-snippet":"max-snippet:-1","max-image-preview":"max-image-preview:large","max-video-preview":"max-video-preview:-1"},"canonical":"https:\/\/bambus-mosaikfliesen.de\/?page_id=230","og_locale":"de_DE","og_type":"article","og_title":"Impressum - bambus-mosaikfliesen.de","og_description":"Impressum: Angaben gem\u00e4\u00df \u00a7 5 TMG: Rita SibbeStein-mosaik.deKarl-Friedrich-Friesen-Str. 1344625 Herne Kontakt: Telefon: 02323-944425Telefax: 02323-944428E-Mail: info@stein-mosaik.de Verkauf, Abholung und Besichtigung: 44628 Herne &#8211; Gewerkenstr.11 &#8211; Mo. &#8211; Sa. von 10 &#8211; 13 Uhr Umsatzsteuer: Umsatzsteuer-Identifikationsnummer gem\u00e4\u00df \u00a727 a Umsatzsteuergesetz:DE812817052 Streitschlichtung Die Europ\u00e4ische Kommission stellt eine Plattform zur Online-Streitbeilegung (OS) bereit: https:\/\/ec.europa.eu\/consumers\/odr.Unsere E-Mail-Adresse finden Sie oben im [&hellip;]","og_url":"https:\/\/bambus-mosaikfliesen.de\/?page_id=230","og_site_name":"bambus-mosaikfliesen.de","article_modified_time":"2019-09-26T14:06:56+00:00","twitter_card":"summary_large_image","twitter_misc":{"Gesch\u00e4tzte Lesezeit":"2\u00a0Minuten"},"schema":{"@context":"https:\/\/schema.org","@graph":[{"@type":"WebPage","@id":"https:\/\/bambus-mosaikfliesen.de\/?page_id=230","url":"https:\/\/bambus-mosaikfliesen.de\/?page_id=230","name":"Impressum - bambus-mosaikfliesen.de","isPartOf":{"@id":"https:\/\/bambus-mosaikfliesen.de\/#website"},"datePublished":"2019-07-15T19:47:40+00:00","dateModified":"2019-09-26T14:06:56+00:00","breadcrumb":{"@id":"https:\/\/bambus-mosaikfliesen.de\/?page_id=230#breadcrumb"},"inLanguage":"de","potentialAction":[{"@type":"ReadAction","target":["https:\/\/bambus-mosaikfliesen.de\/?page_id=230"]}]},{"@type":"BreadcrumbList","@id":"https:\/\/bambus-mosaikfliesen.de\/?page_id=230#breadcrumb","itemListElement":[{"@type":"ListItem","position":1,"name":"Home","item":"https:\/\/bambus-mosaikfliesen.de\/"},{"@type":"ListItem","position":2,"name":"Impressum"}]},{"@type":"WebSite","@id":"https:\/\/bambus-mosaikfliesen.de\/#website","url":"https:\/\/bambus-mosaikfliesen.de\/","name":"bambus-mosaikfliesen.de","description":"Bambus Mosaikfliesen Wand-Design Verblender","potentialAction":[{"@type":"SearchAction","target":{"@type":"EntryPoint","urlTemplate":"https:\/\/bambus-mosaikfliesen.de\/?s={search_term_string}"},"query-input":{"@type":"PropertyValueSpecification","valueRequired":true,"valueName":"search_term_string"}}],"inLanguage":"de"}]}},"_links":{"self":[{"href":"https:\/\/bambus-mosaikfliesen.de\/index.php?rest_route=\/wp\/v2\/pages\/230","targetHints":{"allow":["GET"]}}],"collection":[{"href":"https:\/\/bambus-mosaikfliesen.de\/index.php?rest_route=\/wp\/v2\/pages"}],"about":[{"href":"https:\/\/bambus-mosaikfliesen.de\/index.php?rest_route=\/wp\/v2\/types\/page"}],"author":[{"embeddable":true,"href":"https:\/\/bambus-mosaikfliesen.de\/index.php?rest_route=\/wp\/v2\/users\/1"}],"replies":[{"embeddable":true,"href":"https:\/\/bambus-mosaikfliesen.de\/index.php?rest_route=%2Fwp%2Fv2%2Fcomments&post=230"}],"version-history":[{"count":8,"href":"https:\/\/bambus-mosaikfliesen.de\/index.php?rest_route=\/wp\/v2\/pages\/230\/revisions"}],"predecessor-version":[{"id":489,"href":"https:\/\/bambus-mosaikfliesen.de\/index.php?rest_route=\/wp\/v2\/pages\/230\/revisions\/489"}],"wp:attachment":[{"href":"https:\/\/bambus-mosaikfliesen.de\/index.php?rest_route=%2Fwp%2Fv2%2Fmedia&parent=230"}],"curies":[{"name":"wp","href":"https:\/\/api.w.org\/{rel}","templated":true}]}}